{"id":39,"date":"2023-03-17T16:47:43","date_gmt":"2023-03-17T16:47:43","guid":{"rendered":"https:\/\/cde.webs.upv.es\/?page_id=39"},"modified":"2025-12-02T11:03:58","modified_gmt":"2025-12-02T11:03:58","slug":"normativa","status":"publish","type":"page","link":"https:\/\/cde.webs.upv.es\/?page_id=39","title":{"rendered":"Normativa"},"content":{"rendered":"\n<p>En aquesta direcci\u00f3 podr\u00e0s descarregar-te tota la documentaci\u00f3 relativa al comit\u00e9 d&#8217;empresa.<\/p>\n\n\n\n<h2 class=\"wp-block-heading\">Nou reglament del CdE<\/h2>\n\n\n\n<p>El nou reglament del Comit\u00e8 d&#8217;Empresa fou ratificat el passat 23 d&#8217;octubre de 2025. Podeu trobar la versi\u00f3 completa ac\u00ed.<\/p>\n\n\n\n<div class=\"wp-block-pdfjsblock-pdfjs-embed pdfjs-wrapper\"><\/div>\n\n\n\n<h3 class=\"wp-block-heading\">Delegaci\u00f3 de vot<\/h3>\n\n\n\n<div class=\"wp-block-columns is-layout-flex wp-container-core-columns-is-layout-9d6595d7 wp-block-columns-is-layout-flex\">\n<div class=\"wp-block-column is-layout-flow wp-block-column-is-layout-flow\" style=\"flex-basis:66.66%\">\n<p>Per a delegar en un company, cal emplenar el document adjunt i comunicar-lo al secretari del comit\u00e9 d&#8217;empresa.<\/p>\n<\/div>\n\n\n\n<div class=\"wp-block-column is-layout-flow wp-block-column-is-layout-flow\" style=\"flex-basis:33.33%\">\n<div class=\"wp-block-file\"><a id=\"wp-block-file--media-4db3f883-be9f-4e25-bee9-2b4ac5f4cea1\" href=\"https:\/\/cde.webs.upv.es\/wp-content\/uploads\/2023\/03\/delegacioDeVot.docx\">delegacioDeVot<\/a><a href=\"https:\/\/cde.webs.upv.es\/wp-content\/uploads\/2023\/03\/delegacioDeVot.docx\" class=\"wp-block-file__button wp-element-button\" download aria-describedby=\"wp-block-file--media-4db3f883-be9f-4e25-bee9-2b4ac5f4cea1\">Baixa<\/a><\/div>\n<\/div>\n<\/div>\n\n\n\n<p><\/p>\n","protected":false},"excerpt":{"rendered":"<p>En aquesta direcci\u00f3 podr\u00e0s descarregar-te tota la documentaci\u00f3 relativa al comit\u00e9 d&#8217;empresa. Nou reglament del CdE El nou reglament del Comit\u00e8 d&#8217;Empresa fou ratificat el passat 23 d&#8217;octubre de 2025. Podeu trobar la versi\u00f3 completa ac\u00ed. Delegaci\u00f3 de vot Per a delegar en un company, cal emplenar el document adjunt i comunicar-lo al secretari del &hellip; <a href=\"https:\/\/cde.webs.upv.es\/?page_id=39\" class=\"more-link\">Continua llegint <span class=\"screen-reader-text\">\u00abNormativa\u00bb<\/span><\/a><\/p>\n","protected":false},"author":1,"featured_media":0,"parent":0,"menu_order":0,"comment_status":"closed","ping_status":"closed","template":"","meta":{"footnotes":""},"class_list":["post-39","page","type-page","status-publish","hentry"],"yoast_head":"<!-- This site is optimized with the Yoast SEO plugin v27.3 - https:\/\/yoast.com\/product\/yoast-seo-wordpress\/ -->\n<title>Normativa - Comit\u00e9 d&#039;Empresa Val\u00e8ncia-Gandia<\/title>\n<meta name=\"robots\" content=\"index, follow, max-snippet:-1, max-image-preview:large, max-video-preview:-1\" \/>\n<link rel=\"canonical\" href=\"https:\/\/cde.webs.upv.es\/?page_id=39\" \/>\n<meta property=\"og:locale\" content=\"ca_ES\" \/>\n<meta property=\"og:type\" content=\"article\" \/>\n<meta property=\"og:title\" content=\"Normativa - Comit\u00e9 d&#039;Empresa Val\u00e8ncia-Gandia\" \/>\n<meta property=\"og:description\" content=\"En aquesta direcci\u00f3 podr\u00e0s descarregar-te tota la documentaci\u00f3 relativa al comit\u00e9 d&#8217;empresa. Nou reglament del CdE El nou reglament del Comit\u00e8 d&#8217;Empresa fou ratificat el passat 23 d&#8217;octubre de 2025. Podeu trobar la versi\u00f3 completa ac\u00ed. Delegaci\u00f3 de vot Per a delegar en un company, cal emplenar el document adjunt i comunicar-lo al secretari del &hellip; Continua llegint \u00abNormativa\u00bb\" \/>\n<meta property=\"og:url\" content=\"https:\/\/cde.webs.upv.es\/?page_id=39\" \/>\n<meta property=\"og:site_name\" content=\"Comit\u00e9 d&#039;Empresa Val\u00e8ncia-Gandia\" \/>\n<meta property=\"article:modified_time\" content=\"2025-12-02T11:03:58+00:00\" \/>\n<meta name=\"twitter:card\" content=\"summary_large_image\" \/>\n<meta name=\"twitter:label1\" content=\"Temps estimat de lectura\" \/>\n\t<meta name=\"twitter:data1\" content=\"1 minut\" \/>\n<script type=\"application\/ld+json\" class=\"yoast-schema-graph\">{\"@context\":\"https:\\\/\\\/schema.org\",\"@graph\":[{\"@type\":\"WebPage\",\"@id\":\"https:\\\/\\\/cde.webs.upv.es\\\/?page_id=39\",\"url\":\"https:\\\/\\\/cde.webs.upv.es\\\/?page_id=39\",\"name\":\"Normativa - Comit\u00e9 d&#039;Empresa Val\u00e8ncia-Gandia\",\"isPartOf\":{\"@id\":\"https:\\\/\\\/cde.webs.upv.es\\\/#website\"},\"datePublished\":\"2023-03-17T16:47:43+00:00\",\"dateModified\":\"2025-12-02T11:03:58+00:00\",\"breadcrumb\":{\"@id\":\"https:\\\/\\\/cde.webs.upv.es\\\/?page_id=39#breadcrumb\"},\"inLanguage\":\"ca\",\"potentialAction\":[{\"@type\":\"ReadAction\",\"target\":[\"https:\\\/\\\/cde.webs.upv.es\\\/?page_id=39\"]}]},{\"@type\":\"BreadcrumbList\",\"@id\":\"https:\\\/\\\/cde.webs.upv.es\\\/?page_id=39#breadcrumb\",\"itemListElement\":[{\"@type\":\"ListItem\",\"position\":1,\"name\":\"Home\",\"item\":\"https:\\\/\\\/cde.webs.upv.es\\\/\"},{\"@type\":\"ListItem\",\"position\":2,\"name\":\"Normativa\"}]},{\"@type\":\"WebSite\",\"@id\":\"https:\\\/\\\/cde.webs.upv.es\\\/#website\",\"url\":\"https:\\\/\\\/cde.webs.upv.es\\\/\",\"name\":\"Comit\u00e9 d&#039;Empresa Val\u00e8ncia-Gandia\",\"description\":\"\",\"potentialAction\":[{\"@type\":\"SearchAction\",\"target\":{\"@type\":\"EntryPoint\",\"urlTemplate\":\"https:\\\/\\\/cde.webs.upv.es\\\/?s={search_term_string}\"},\"query-input\":{\"@type\":\"PropertyValueSpecification\",\"valueRequired\":true,\"valueName\":\"search_term_string\"}}],\"inLanguage\":\"ca\"}]}<\/script>\n<!-- \/ Yoast SEO plugin. -->","yoast_head_json":{"title":"Normativa - Comit\u00e9 d&#039;Empresa Val\u00e8ncia-Gandia","robots":{"index":"index","follow":"follow","max-snippet":"max-snippet:-1","max-image-preview":"max-image-preview:large","max-video-preview":"max-video-preview:-1"},"canonical":"https:\/\/cde.webs.upv.es\/?page_id=39","og_locale":"ca_ES","og_type":"article","og_title":"Normativa - Comit\u00e9 d&#039;Empresa Val\u00e8ncia-Gandia","og_description":"En aquesta direcci\u00f3 podr\u00e0s descarregar-te tota la documentaci\u00f3 relativa al comit\u00e9 d&#8217;empresa. Nou reglament del CdE El nou reglament del Comit\u00e8 d&#8217;Empresa fou ratificat el passat 23 d&#8217;octubre de 2025. Podeu trobar la versi\u00f3 completa ac\u00ed. Delegaci\u00f3 de vot Per a delegar en un company, cal emplenar el document adjunt i comunicar-lo al secretari del &hellip; Continua llegint \u00abNormativa\u00bb","og_url":"https:\/\/cde.webs.upv.es\/?page_id=39","og_site_name":"Comit\u00e9 d&#039;Empresa Val\u00e8ncia-Gandia","article_modified_time":"2025-12-02T11:03:58+00:00","twitter_card":"summary_large_image","twitter_misc":{"Temps estimat de lectura":"1 minut"},"schema":{"@context":"https:\/\/schema.org","@graph":[{"@type":"WebPage","@id":"https:\/\/cde.webs.upv.es\/?page_id=39","url":"https:\/\/cde.webs.upv.es\/?page_id=39","name":"Normativa - Comit\u00e9 d&#039;Empresa Val\u00e8ncia-Gandia","isPartOf":{"@id":"https:\/\/cde.webs.upv.es\/#website"},"datePublished":"2023-03-17T16:47:43+00:00","dateModified":"2025-12-02T11:03:58+00:00","breadcrumb":{"@id":"https:\/\/cde.webs.upv.es\/?page_id=39#breadcrumb"},"inLanguage":"ca","potentialAction":[{"@type":"ReadAction","target":["https:\/\/cde.webs.upv.es\/?page_id=39"]}]},{"@type":"BreadcrumbList","@id":"https:\/\/cde.webs.upv.es\/?page_id=39#breadcrumb","itemListElement":[{"@type":"ListItem","position":1,"name":"Home","item":"https:\/\/cde.webs.upv.es\/"},{"@type":"ListItem","position":2,"name":"Normativa"}]},{"@type":"WebSite","@id":"https:\/\/cde.webs.upv.es\/#website","url":"https:\/\/cde.webs.upv.es\/","name":"Comit\u00e9 d&#039;Empresa Val\u00e8ncia-Gandia","description":"","potentialAction":[{"@type":"SearchAction","target":{"@type":"EntryPoint","urlTemplate":"https:\/\/cde.webs.upv.es\/?s={search_term_string}"},"query-input":{"@type":"PropertyValueSpecification","valueRequired":true,"valueName":"search_term_string"}}],"inLanguage":"ca"}]}},"_links":{"self":[{"href":"https:\/\/cde.webs.upv.es\/index.php?rest_route=\/wp\/v2\/pages\/39","targetHints":{"allow":["GET"]}}],"collection":[{"href":"https:\/\/cde.webs.upv.es\/index.php?rest_route=\/wp\/v2\/pages"}],"about":[{"href":"https:\/\/cde.webs.upv.es\/index.php?rest_route=\/wp\/v2\/types\/page"}],"author":[{"embeddable":true,"href":"https:\/\/cde.webs.upv.es\/index.php?rest_route=\/wp\/v2\/users\/1"}],"replies":[{"embeddable":true,"href":"https:\/\/cde.webs.upv.es\/index.php?rest_route=%2Fwp%2Fv2%2Fcomments&post=39"}],"version-history":[{"count":3,"href":"https:\/\/cde.webs.upv.es\/index.php?rest_route=\/wp\/v2\/pages\/39\/revisions"}],"predecessor-version":[{"id":148,"href":"https:\/\/cde.webs.upv.es\/index.php?rest_route=\/wp\/v2\/pages\/39\/revisions\/148"}],"wp:attachment":[{"href":"https:\/\/cde.webs.upv.es\/index.php?rest_route=%2Fwp%2Fv2%2Fmedia&parent=39"}],"curies":[{"name":"wp","href":"https:\/\/api.w.org\/{rel}","templated":true}]}}